{"id":340,"date":"2026-03-23T14:27:06","date_gmt":"2026-03-23T14:27:06","guid":{"rendered":"https:\/\/vahinepoe-jewelry.com\/?page_id=340"},"modified":"2026-03-23T14:49:02","modified_gmt":"2026-03-23T14:49:02","slug":"bracelet-nalani","status":"publish","type":"page","link":"https:\/\/vahinepoe-jewelry.com\/index.php\/bracelet-nalani\/","title":{"rendered":"Bracelet Nalani"},"content":{"rendered":"<p>[et_pb_section fb_built=\u00a0\u00bb1&Prime; theme_builder_area=\u00a0\u00bbpost_content\u00a0\u00bb _builder_version=\u00a0\u00bb4.27.5&Prime; _module_preset=\u00a0\u00bbdefault\u00a0\u00bb][et_pb_row _builder_version=\u00a0\u00bb4.27.5&Prime; _module_preset=\u00a0\u00bbdefault\u00a0\u00bb theme_builder_area=\u00a0\u00bbpost_content\u00a0\u00bb][et_pb_column _builder_version=\u00a0\u00bb4.27.5&Prime; _module_preset=\u00a0\u00bbdefault\u00a0\u00bb type=\u00a0\u00bb4_4&Prime; theme_builder_area=\u00a0\u00bbpost_content\u00a0\u00bb][et_pb_heading title=\u00a0\u00bbBracelet Nalani\u00a0\u00bb _builder_version=\u00a0\u00bb4.27.5&Prime; _module_preset=\u00a0\u00bbdefault\u00a0\u00bb theme_builder_area=\u00a0\u00bbpost_content\u00a0\u00bb title_text_align=\u00a0\u00bbcenter\u00a0\u00bb hover_enabled=\u00a0\u00bb0&Prime; sticky_enabled=\u00a0\u00bb0&Prime;][\/et_pb_heading][\/et_pb_column][\/et_pb_row][et_pb_row _builder_version=\u00a0\u00bb4.27.5&Prime; _module_preset=\u00a0\u00bbdefault\u00a0\u00bb theme_builder_area=\u00a0\u00bbpost_content\u00a0\u00bb column_structure=\u00a0\u00bb1_2,1_2&Prime;][et_pb_column _builder_version=\u00a0\u00bb4.27.5&Prime; _module_preset=\u00a0\u00bbdefault\u00a0\u00bb type=\u00a0\u00bb1_2&Prime; theme_builder_area=\u00a0\u00bbpost_content\u00a0\u00bb][et_pb_image src=\u00a0\u00bbhttps:\/\/vahinepoe-jewelry.com\/wp-content\/uploads\/2026\/03\/Capture-decran-2026-03-02-105843-1.png\u00a0\u00bb _builder_version=\u00a0\u00bb4.27.5&Prime; _module_preset=\u00a0\u00bbdefault\u00a0\u00bb theme_builder_area=\u00a0\u00bbpost_content\u00a0\u00bb title_text=\u00a0\u00bbCapture-decran-2026-03-02-105843&Prime; hover_enabled=\u00a0\u00bb0&Prime; sticky_enabled=\u00a0\u00bb0&Prime;][\/et_pb_image][\/et_pb_column][et_pb_column _builder_version=\u00a0\u00bb4.27.5&Prime; _module_preset=\u00a0\u00bbdefault\u00a0\u00bb type=\u00a0\u00bb1_2&Prime; theme_builder_area=\u00a0\u00bbpost_content\u00a0\u00bb][et_pb_text _builder_version=\u00a0\u00bb4.27.5&Prime; _module_preset=\u00a0\u00bbdefault\u00a0\u00bb theme_builder_area=\u00a0\u00bbpost_content\u00a0\u00bb hover_enabled=\u00a0\u00bb0&Prime; sticky_enabled=\u00a0\u00bb0&Prime;]<\/p>\n<p>Notre Jonc Nalani, est une pi\u00e8ce indispensable pour accumuler vos bracelets. La perle de votre choix y est d\u00e9licatement suspendu par une accroche.<\/p>\n<ul>\n<li>Bijou en acier inoxydable hypoallerg\u00e9nique<\/li>\n<li>Disponible en dor\u00e9\u00a0<\/li>\n<li>Taille des jonc : circonf\u00e9rence int\u00e9rieur XS : 17 cm, S : 18 cm et M : 19 cm<\/li>\n<\/ul>\n<p data-pm-slice=\"1 1 []\">Tous nos bijoux sont fabriqu\u00e9s \u00e0 la main sur commande dans notre atelier Cal\u00e9donien.\u00a0Vous recevrez un certificat d\u2019authenticit\u00e9 attestant l\u2019origine de nos perles.<\/p>\n<p>[\/et_pb_text][\/et_pb_column][\/et_pb_row][\/et_pb_section]<\/p>\n","protected":false},"excerpt":{"rendered":"<p>Notre Jonc Nalani, est une pi\u00e8ce indispensable pour accumuler vos bracelets. La perle de votre choix y est d\u00e9licatement suspendu par une accroche. Bijou en acier inoxydable hypoallerg\u00e9nique Disponible en dor\u00e9\u00a0 Taille des jonc : circonf\u00e9rence int\u00e9rieur XS : 17 cm, S : 18 cm et M : 19 cm Tous nos bijoux sont fabriqu\u00e9s [&hellip;]<\/p>\n","protected":false},"author":1,"featured_media":0,"parent":0,"menu_order":0,"comment_status":"closed","ping_status":"closed","template":"","meta":{"_et_pb_use_builder":"on","_et_pb_old_content":"","_et_gb_content_width":"","footnotes":""},"class_list":["post-340","page","type-page","status-publish","hentry"],"yoast_head":"<!-- This site is optimized with the Yoast SEO plugin v26.9 - https:\/\/yoast.com\/product\/yoast-seo-wordpress\/ -->\n<title>Bracelet Nalani - vahinpoe<\/title>\n<meta name=\"robots\" content=\"index, follow, max-snippet:-1, max-image-preview:large, max-video-preview:-1\" \/>\n<link rel=\"canonical\" href=\"https:\/\/vahinepoe-jewelry.com\/index.php\/bracelet-nalani\/\" \/>\n<meta property=\"og:locale\" content=\"fr_FR\" \/>\n<meta property=\"og:type\" content=\"article\" \/>\n<meta property=\"og:title\" content=\"Bracelet Nalani - vahinpoe\" \/>\n<meta property=\"og:description\" content=\"Notre Jonc Nalani, est une pi\u00e8ce indispensable pour accumuler vos bracelets. La perle de votre choix y est d\u00e9licatement suspendu par une accroche. Bijou en acier inoxydable hypoallerg\u00e9nique Disponible en dor\u00e9\u00a0 Taille des jonc : circonf\u00e9rence int\u00e9rieur XS : 17 cm, S : 18 cm et M : 19 cm Tous nos bijoux sont fabriqu\u00e9s [&hellip;]\" \/>\n<meta property=\"og:url\" content=\"https:\/\/vahinepoe-jewelry.com\/index.php\/bracelet-nalani\/\" \/>\n<meta property=\"og:site_name\" content=\"vahinpoe\" \/>\n<meta property=\"article:modified_time\" content=\"2026-03-23T14:49:02+00:00\" \/>\n<meta name=\"twitter:card\" content=\"summary_large_image\" \/>\n<script type=\"application\/ld+json\" class=\"yoast-schema-graph\">{\"@context\":\"https:\/\/schema.org\",\"@graph\":[{\"@type\":\"WebPage\",\"@id\":\"https:\/\/vahinepoe-jewelry.com\/index.php\/bracelet-nalani\/\",\"url\":\"https:\/\/vahinepoe-jewelry.com\/index.php\/bracelet-nalani\/\",\"name\":\"Bracelet Nalani - vahinpoe\",\"isPartOf\":{\"@id\":\"https:\/\/vahinepoe-jewelry.com\/#website\"},\"datePublished\":\"2026-03-23T14:27:06+00:00\",\"dateModified\":\"2026-03-23T14:49:02+00:00\",\"breadcrumb\":{\"@id\":\"https:\/\/vahinepoe-jewelry.com\/index.php\/bracelet-nalani\/#breadcrumb\"},\"inLanguage\":\"fr-FR\",\"potentialAction\":[{\"@type\":\"ReadAction\",\"target\":[\"https:\/\/vahinepoe-jewelry.com\/index.php\/bracelet-nalani\/\"]}]},{\"@type\":\"BreadcrumbList\",\"@id\":\"https:\/\/vahinepoe-jewelry.com\/index.php\/bracelet-nalani\/#breadcrumb\",\"itemListElement\":[{\"@type\":\"ListItem\",\"position\":1,\"name\":\"Accueil\",\"item\":\"https:\/\/vahinepoe-jewelry.com\/\"},{\"@type\":\"ListItem\",\"position\":2,\"name\":\"Bracelet Nalani\"}]},{\"@type\":\"WebSite\",\"@id\":\"https:\/\/vahinepoe-jewelry.com\/#website\",\"url\":\"https:\/\/vahinepoe-jewelry.com\/\",\"name\":\"vahinpoe\",\"description\":\"\",\"potentialAction\":[{\"@type\":\"SearchAction\",\"target\":{\"@type\":\"EntryPoint\",\"urlTemplate\":\"https:\/\/vahinepoe-jewelry.com\/?s={search_term_string}\"},\"query-input\":{\"@type\":\"PropertyValueSpecification\",\"valueRequired\":true,\"valueName\":\"search_term_string\"}}],\"inLanguage\":\"fr-FR\"}]}<\/script>\n<!-- \/ Yoast SEO plugin. -->","yoast_head_json":{"title":"Bracelet Nalani - vahinpoe","robots":{"index":"index","follow":"follow","max-snippet":"max-snippet:-1","max-image-preview":"max-image-preview:large","max-video-preview":"max-video-preview:-1"},"canonical":"https:\/\/vahinepoe-jewelry.com\/index.php\/bracelet-nalani\/","og_locale":"fr_FR","og_type":"article","og_title":"Bracelet Nalani - vahinpoe","og_description":"Notre Jonc Nalani, est une pi\u00e8ce indispensable pour accumuler vos bracelets. La perle de votre choix y est d\u00e9licatement suspendu par une accroche. Bijou en acier inoxydable hypoallerg\u00e9nique Disponible en dor\u00e9\u00a0 Taille des jonc : circonf\u00e9rence int\u00e9rieur XS : 17 cm, S : 18 cm et M : 19 cm Tous nos bijoux sont fabriqu\u00e9s [&hellip;]","og_url":"https:\/\/vahinepoe-jewelry.com\/index.php\/bracelet-nalani\/","og_site_name":"vahinpoe","article_modified_time":"2026-03-23T14:49:02+00:00","twitter_card":"summary_large_image","schema":{"@context":"https:\/\/schema.org","@graph":[{"@type":"WebPage","@id":"https:\/\/vahinepoe-jewelry.com\/index.php\/bracelet-nalani\/","url":"https:\/\/vahinepoe-jewelry.com\/index.php\/bracelet-nalani\/","name":"Bracelet Nalani - vahinpoe","isPartOf":{"@id":"https:\/\/vahinepoe-jewelry.com\/#website"},"datePublished":"2026-03-23T14:27:06+00:00","dateModified":"2026-03-23T14:49:02+00:00","breadcrumb":{"@id":"https:\/\/vahinepoe-jewelry.com\/index.php\/bracelet-nalani\/#breadcrumb"},"inLanguage":"fr-FR","potentialAction":[{"@type":"ReadAction","target":["https:\/\/vahinepoe-jewelry.com\/index.php\/bracelet-nalani\/"]}]},{"@type":"BreadcrumbList","@id":"https:\/\/vahinepoe-jewelry.com\/index.php\/bracelet-nalani\/#breadcrumb","itemListElement":[{"@type":"ListItem","position":1,"name":"Accueil","item":"https:\/\/vahinepoe-jewelry.com\/"},{"@type":"ListItem","position":2,"name":"Bracelet Nalani"}]},{"@type":"WebSite","@id":"https:\/\/vahinepoe-jewelry.com\/#website","url":"https:\/\/vahinepoe-jewelry.com\/","name":"vahinpoe","description":"","potentialAction":[{"@type":"SearchAction","target":{"@type":"EntryPoint","urlTemplate":"https:\/\/vahinepoe-jewelry.com\/?s={search_term_string}"},"query-input":{"@type":"PropertyValueSpecification","valueRequired":true,"valueName":"search_term_string"}}],"inLanguage":"fr-FR"}]}},"_links":{"self":[{"href":"https:\/\/vahinepoe-jewelry.com\/index.php\/wp-json\/wp\/v2\/pages\/340","targetHints":{"allow":["GET"]}}],"collection":[{"href":"https:\/\/vahinepoe-jewelry.com\/index.php\/wp-json\/wp\/v2\/pages"}],"about":[{"href":"https:\/\/vahinepoe-jewelry.com\/index.php\/wp-json\/wp\/v2\/types\/page"}],"author":[{"embeddable":true,"href":"https:\/\/vahinepoe-jewelry.com\/index.php\/wp-json\/wp\/v2\/users\/1"}],"replies":[{"embeddable":true,"href":"https:\/\/vahinepoe-jewelry.com\/index.php\/wp-json\/wp\/v2\/comments?post=340"}],"version-history":[{"count":5,"href":"https:\/\/vahinepoe-jewelry.com\/index.php\/wp-json\/wp\/v2\/pages\/340\/revisions"}],"predecessor-version":[{"id":358,"href":"https:\/\/vahinepoe-jewelry.com\/index.php\/wp-json\/wp\/v2\/pages\/340\/revisions\/358"}],"wp:attachment":[{"href":"https:\/\/vahinepoe-jewelry.com\/index.php\/wp-json\/wp\/v2\/media?parent=340"}],"curies":[{"name":"wp","href":"https:\/\/api.w.org\/{rel}","templated":true}]}}