{"id":360,"date":"2026-03-23T14:52:25","date_gmt":"2026-03-23T14:52:25","guid":{"rendered":"https:\/\/vahinepoe-jewelry.com\/?page_id=360"},"modified":"2026-03-23T14:54:57","modified_gmt":"2026-03-23T14:54:57","slug":"360-2","status":"publish","type":"page","link":"https:\/\/vahinepoe-jewelry.com\/index.php\/360-2\/","title":{"rendered":"Collier Tikehau"},"content":{"rendered":"<p>[et_pb_section fb_built=\u00a0\u00bb1&Prime; _builder_version=\u00a0\u00bb4.27.5&Prime; _module_preset=\u00a0\u00bbdefault\u00a0\u00bb global_colors_info=\u00a0\u00bb{}\u00a0\u00bb][et_pb_row _builder_version=\u00a0\u00bb4.27.5&Prime; _module_preset=\u00a0\u00bbdefault\u00a0\u00bb global_colors_info=\u00a0\u00bb{}\u00a0\u00bb][et_pb_column type=\u00a0\u00bb4_4&Prime; _builder_version=\u00a0\u00bb4.27.5&Prime; _module_preset=\u00a0\u00bbdefault\u00a0\u00bb global_colors_info=\u00a0\u00bb{}\u00a0\u00bb][et_pb_text _builder_version=\u00a0\u00bb4.27.5&Prime; _module_preset=\u00a0\u00bbdefault\u00a0\u00bb global_colors_info=\u00a0\u00bb{}\u00a0\u00bb]<\/p>\n<h1 style=\"text-align: center;\"><strong>Collier Tikehau <\/strong><\/h1>\n<p>[\/et_pb_text][\/et_pb_column][\/et_pb_row][et_pb_row column_structure=\u00a0\u00bb1_2,1_2&Prime; _builder_version=\u00a0\u00bb4.27.5&Prime; _module_preset=\u00a0\u00bbdefault\u00a0\u00bb global_colors_info=\u00a0\u00bb{}\u00a0\u00bb][et_pb_column type=\u00a0\u00bb1_2&Prime; _builder_version=\u00a0\u00bb4.27.5&Prime; _module_preset=\u00a0\u00bbdefault\u00a0\u00bb global_colors_info=\u00a0\u00bb{}\u00a0\u00bb][et_pb_image src=\u00a0\u00bbhttps:\/\/vahinepoe-jewelry.com\/wp-content\/uploads\/2026\/02\/collier-1-perle-tahiti-k5-1080&#215;1440-1.jpg\u00a0\u00bb title_text=\u00a0\u00bbcollier-1-perle-tahiti-k5-1080&#215;1440&Prime; _builder_version=\u00a0\u00bb4.27.5&Prime; _module_preset=\u00a0\u00bbdefault\u00a0\u00bb global_colors_info=\u00a0\u00bb{}\u00a0\u00bb][\/et_pb_image][\/et_pb_column][et_pb_column type=\u00a0\u00bb1_2&Prime; _builder_version=\u00a0\u00bb4.27.5&Prime; _module_preset=\u00a0\u00bbdefault\u00a0\u00bb global_colors_info=\u00a0\u00bb{}\u00a0\u00bb][et_pb_text _builder_version=\u00a0\u00bb4.27.5&Prime; _module_preset=\u00a0\u00bbdefault\u00a0\u00bb global_colors_info=\u00a0\u00bb{}\u00a0\u00bb]<\/p>\n<p data-pm-slice=\"1 1 []\">Minimaliste et raffin\u00e9, le collier<span>\u00a0<\/span><em data-end=\"151\" data-start=\"146\">Eia<\/em><span>\u00a0<\/span>m\u00eale finesse et caract\u00e8re.<span>\u00a0<\/span>Trois perles sont suspendues sur une petite cha\u00eene verticale. Facile \u00e0 porter, il apporte une touche naturelle et moderne \u00e0 toutes vos tenues.<\/p>\n<ul>\n<li>Bijou en acier inoxydable hypoallerg\u00e9nique<\/li>\n<li>Disponible en dor\u00e9 et en argent\u00e9<\/li>\n<li>36 cm de cha\u00eene + 5 cm de pendentif + 5 cm de rallonge<\/li>\n<\/ul>\n<p data-pm-slice=\"1 1 []\">Tous nos bijoux sont fabriqu\u00e9s \u00e0 la main sur commande dans notre atelier Cal\u00e9donien.\u00a0Vous recevrez un certificat d\u2019authenticit\u00e9 attestant l\u2019origine de nos perles.<\/p>\n<p>[\/et_pb_text][\/et_pb_column][\/et_pb_row][\/et_pb_section]<\/p>\n","protected":false},"excerpt":{"rendered":"<p>Collier Tikehau Minimaliste et raffin\u00e9, le collier\u00a0Eia\u00a0m\u00eale finesse et caract\u00e8re.\u00a0Trois perles sont suspendues sur une petite cha\u00eene verticale. Facile \u00e0 porter, il apporte une touche naturelle et moderne \u00e0 toutes vos tenues. Bijou en acier inoxydable hypoallerg\u00e9nique Disponible en dor\u00e9 et en argent\u00e9 36 cm de cha\u00eene + 5 cm de pendentif + 5 cm [&hellip;]<\/p>\n","protected":false},"author":1,"featured_media":0,"parent":0,"menu_order":0,"comment_status":"closed","ping_status":"closed","template":"","meta":{"_et_pb_use_builder":"on","_et_pb_old_content":"","_et_gb_content_width":"","footnotes":""},"class_list":["post-360","page","type-page","status-publish","hentry"],"yoast_head":"<!-- This site is optimized with the Yoast SEO plugin v26.9 - https:\/\/yoast.com\/product\/yoast-seo-wordpress\/ -->\n<title>Collier Tikehau - vahinpoe<\/title>\n<meta name=\"robots\" content=\"index, follow, max-snippet:-1, max-image-preview:large, max-video-preview:-1\" \/>\n<link rel=\"canonical\" href=\"https:\/\/vahinepoe-jewelry.com\/index.php\/360-2\/\" \/>\n<meta property=\"og:locale\" content=\"fr_FR\" \/>\n<meta property=\"og:type\" content=\"article\" \/>\n<meta property=\"og:title\" content=\"Collier Tikehau - vahinpoe\" \/>\n<meta property=\"og:description\" content=\"Collier Tikehau Minimaliste et raffin\u00e9, le collier\u00a0Eia\u00a0m\u00eale finesse et caract\u00e8re.\u00a0Trois perles sont suspendues sur une petite cha\u00eene verticale. Facile \u00e0 porter, il apporte une touche naturelle et moderne \u00e0 toutes vos tenues. Bijou en acier inoxydable hypoallerg\u00e9nique Disponible en dor\u00e9 et en argent\u00e9 36 cm de cha\u00eene + 5 cm de pendentif + 5 cm [&hellip;]\" \/>\n<meta property=\"og:url\" content=\"https:\/\/vahinepoe-jewelry.com\/index.php\/360-2\/\" \/>\n<meta property=\"og:site_name\" content=\"vahinpoe\" \/>\n<meta property=\"article:modified_time\" content=\"2026-03-23T14:54:57+00:00\" \/>\n<meta name=\"twitter:card\" content=\"summary_large_image\" \/>\n<meta name=\"twitter:label1\" content=\"Dur\u00e9e de lecture estim\u00e9e\" \/>\n\t<meta name=\"twitter:data1\" content=\"1 minute\" \/>\n<script type=\"application\/ld+json\" class=\"yoast-schema-graph\">{\"@context\":\"https:\/\/schema.org\",\"@graph\":[{\"@type\":\"WebPage\",\"@id\":\"https:\/\/vahinepoe-jewelry.com\/index.php\/360-2\/\",\"url\":\"https:\/\/vahinepoe-jewelry.com\/index.php\/360-2\/\",\"name\":\"Collier Tikehau - vahinpoe\",\"isPartOf\":{\"@id\":\"https:\/\/vahinepoe-jewelry.com\/#website\"},\"datePublished\":\"2026-03-23T14:52:25+00:00\",\"dateModified\":\"2026-03-23T14:54:57+00:00\",\"breadcrumb\":{\"@id\":\"https:\/\/vahinepoe-jewelry.com\/index.php\/360-2\/#breadcrumb\"},\"inLanguage\":\"fr-FR\",\"potentialAction\":[{\"@type\":\"ReadAction\",\"target\":[\"https:\/\/vahinepoe-jewelry.com\/index.php\/360-2\/\"]}]},{\"@type\":\"BreadcrumbList\",\"@id\":\"https:\/\/vahinepoe-jewelry.com\/index.php\/360-2\/#breadcrumb\",\"itemListElement\":[{\"@type\":\"ListItem\",\"position\":1,\"name\":\"Accueil\",\"item\":\"https:\/\/vahinepoe-jewelry.com\/\"},{\"@type\":\"ListItem\",\"position\":2,\"name\":\"Collier Tikehau\"}]},{\"@type\":\"WebSite\",\"@id\":\"https:\/\/vahinepoe-jewelry.com\/#website\",\"url\":\"https:\/\/vahinepoe-jewelry.com\/\",\"name\":\"vahinpoe\",\"description\":\"\",\"potentialAction\":[{\"@type\":\"SearchAction\",\"target\":{\"@type\":\"EntryPoint\",\"urlTemplate\":\"https:\/\/vahinepoe-jewelry.com\/?s={search_term_string}\"},\"query-input\":{\"@type\":\"PropertyValueSpecification\",\"valueRequired\":true,\"valueName\":\"search_term_string\"}}],\"inLanguage\":\"fr-FR\"}]}<\/script>\n<!-- \/ Yoast SEO plugin. -->","yoast_head_json":{"title":"Collier Tikehau - vahinpoe","robots":{"index":"index","follow":"follow","max-snippet":"max-snippet:-1","max-image-preview":"max-image-preview:large","max-video-preview":"max-video-preview:-1"},"canonical":"https:\/\/vahinepoe-jewelry.com\/index.php\/360-2\/","og_locale":"fr_FR","og_type":"article","og_title":"Collier Tikehau - vahinpoe","og_description":"Collier Tikehau Minimaliste et raffin\u00e9, le collier\u00a0Eia\u00a0m\u00eale finesse et caract\u00e8re.\u00a0Trois perles sont suspendues sur une petite cha\u00eene verticale. Facile \u00e0 porter, il apporte une touche naturelle et moderne \u00e0 toutes vos tenues. Bijou en acier inoxydable hypoallerg\u00e9nique Disponible en dor\u00e9 et en argent\u00e9 36 cm de cha\u00eene + 5 cm de pendentif + 5 cm [&hellip;]","og_url":"https:\/\/vahinepoe-jewelry.com\/index.php\/360-2\/","og_site_name":"vahinpoe","article_modified_time":"2026-03-23T14:54:57+00:00","twitter_card":"summary_large_image","twitter_misc":{"Dur\u00e9e de lecture estim\u00e9e":"1 minute"},"schema":{"@context":"https:\/\/schema.org","@graph":[{"@type":"WebPage","@id":"https:\/\/vahinepoe-jewelry.com\/index.php\/360-2\/","url":"https:\/\/vahinepoe-jewelry.com\/index.php\/360-2\/","name":"Collier Tikehau - vahinpoe","isPartOf":{"@id":"https:\/\/vahinepoe-jewelry.com\/#website"},"datePublished":"2026-03-23T14:52:25+00:00","dateModified":"2026-03-23T14:54:57+00:00","breadcrumb":{"@id":"https:\/\/vahinepoe-jewelry.com\/index.php\/360-2\/#breadcrumb"},"inLanguage":"fr-FR","potentialAction":[{"@type":"ReadAction","target":["https:\/\/vahinepoe-jewelry.com\/index.php\/360-2\/"]}]},{"@type":"BreadcrumbList","@id":"https:\/\/vahinepoe-jewelry.com\/index.php\/360-2\/#breadcrumb","itemListElement":[{"@type":"ListItem","position":1,"name":"Accueil","item":"https:\/\/vahinepoe-jewelry.com\/"},{"@type":"ListItem","position":2,"name":"Collier Tikehau"}]},{"@type":"WebSite","@id":"https:\/\/vahinepoe-jewelry.com\/#website","url":"https:\/\/vahinepoe-jewelry.com\/","name":"vahinpoe","description":"","potentialAction":[{"@type":"SearchAction","target":{"@type":"EntryPoint","urlTemplate":"https:\/\/vahinepoe-jewelry.com\/?s={search_term_string}"},"query-input":{"@type":"PropertyValueSpecification","valueRequired":true,"valueName":"search_term_string"}}],"inLanguage":"fr-FR"}]}},"_links":{"self":[{"href":"https:\/\/vahinepoe-jewelry.com\/index.php\/wp-json\/wp\/v2\/pages\/360","targetHints":{"allow":["GET"]}}],"collection":[{"href":"https:\/\/vahinepoe-jewelry.com\/index.php\/wp-json\/wp\/v2\/pages"}],"about":[{"href":"https:\/\/vahinepoe-jewelry.com\/index.php\/wp-json\/wp\/v2\/types\/page"}],"author":[{"embeddable":true,"href":"https:\/\/vahinepoe-jewelry.com\/index.php\/wp-json\/wp\/v2\/users\/1"}],"replies":[{"embeddable":true,"href":"https:\/\/vahinepoe-jewelry.com\/index.php\/wp-json\/wp\/v2\/comments?post=360"}],"version-history":[{"count":5,"href":"https:\/\/vahinepoe-jewelry.com\/index.php\/wp-json\/wp\/v2\/pages\/360\/revisions"}],"predecessor-version":[{"id":366,"href":"https:\/\/vahinepoe-jewelry.com\/index.php\/wp-json\/wp\/v2\/pages\/360\/revisions\/366"}],"wp:attachment":[{"href":"https:\/\/vahinepoe-jewelry.com\/index.php\/wp-json\/wp\/v2\/media?parent=360"}],"curies":[{"name":"wp","href":"https:\/\/api.w.org\/{rel}","templated":true}]}}